{"id":477,"date":"2023-03-18T15:16:07","date_gmt":"2023-03-18T12:16:07","guid":{"rendered":"http:\/\/new.unite-gaming.com\/?page_id=477"},"modified":"2023-07-15T14:11:20","modified_gmt":"2023-07-15T09:11:20","slug":"news-tm","status":"publish","type":"page","link":"https:\/\/unite-gaming.com.tm\/index.php\/tm\/news-tm\/","title":{"rendered":"T\u00e4zelikler we \u00e7\u00e4reler"},"content":{"rendered":"","protected":false},"excerpt":{"rendered":"","protected":false},"author":1,"featured_media":0,"parent":0,"menu_order":0,"comment_status":"closed","ping_status":"closed","template":"templates\/news-tm.php","meta":{"_acf_changed":false,"footnotes":""},"class_list":["post-477","page","type-page","status-publish","hentry"],"acf":[],"_links":{"self":[{"href":"https:\/\/unite-gaming.com.tm\/index.php\/wp-json\/wp\/v2\/pages\/477","targetHints":{"allow":["GET"]}}],"collection":[{"href":"https:\/\/unite-gaming.com.tm\/index.php\/wp-json\/wp\/v2\/pages"}],"about":[{"href":"https:\/\/unite-gaming.com.tm\/index.php\/wp-json\/wp\/v2\/types\/page"}],"author":[{"embeddable":true,"href":"https:\/\/unite-gaming.com.tm\/index.php\/wp-json\/wp\/v2\/users\/1"}],"replies":[{"embeddable":true,"href":"https:\/\/unite-gaming.com.tm\/index.php\/wp-json\/wp\/v2\/comments?post=477"}],"version-history":[{"count":6,"href":"https:\/\/unite-gaming.com.tm\/index.php\/wp-json\/wp\/v2\/pages\/477\/revisions"}],"predecessor-version":[{"id":5060,"href":"https:\/\/unite-gaming.com.tm\/index.php\/wp-json\/wp\/v2\/pages\/477\/revisions\/5060"}],"wp:attachment":[{"href":"https:\/\/unite-gaming.com.tm\/index.php\/wp-json\/wp\/v2\/media?parent=477"}],"curies":[{"name":"wp","href":"https:\/\/api.w.org\/{rel}","templated":true}]}}